
{"id":2020,"date":"2016-03-21T07:11:16","date_gmt":"2016-03-21T07:11:16","guid":{"rendered":"http:\/\/connection.modeltheme.com\/?page_id=2020"},"modified":"2025-06-12T03:44:55","modified_gmt":"2025-06-12T03:44:55","slug":"about-us","status":"publish","type":"page","link":"https:\/\/duoaarent.com\/bs\/about-us\/","title":{"rendered":"O nama"},"content":{"rendered":"<div class=\"wpb-content-wrapper\"><div data-vc-full-width=\"true\" data-vc-full-width-init=\"false\" data-vc-stretch-content=\"true\" class=\"vc_row wpb_row vc_row-fluid vc_custom_1749480075060 vc_row-has-fill vc_row-no-padding\"><div class=\"wpb_column vc_column_container vc_col-sm-12\"><div class=\"vc_column-inner\"><div class=\"wpb_wrapper\"><\/div><\/div><\/div><\/div><div class=\"vc_row-full-width vc_clearfix\"><\/div><div data-vc-full-width=\"true\" data-vc-full-width-init=\"false\" class=\"vc_row wpb_row vc_row-fluid vc_custom_1494251605113\"><div class=\"wpb_column vc_column_container vc_col-sm-4\"><div class=\"vc_column-inner\"><div class=\"wpb_wrapper\"><div class=\"vc_empty_space\"   style=\"height: 15px\"><span class=\"vc_empty_space_inner\"><\/span><\/div><h1 style=\"font-size: 30px;color: rgba(37,37,37,0.7);line-height: 36px;text-align: left;font-family:Ubuntu;font-weight:700;font-style:normal\" class=\"vc_custom_heading vc_do_custom_heading wpb_animate_when_almost_visible wpb_fadeInLeft fadeInLeft vc_custom_1494249885340\" >O nama<\/h1><h1 style=\"font-size: 60px;color: #001160;line-height: 66px;text-align: left;font-family:Ubuntu;font-weight:700;font-style:normal\" class=\"vc_custom_heading vc_do_custom_heading wpb_animate_when_almost_visible wpb_fadeInLeft fadeInLeft\" >Duo AA<\/h1><\/div><\/div><\/div><div class=\"wpb_column vc_column_container vc_col-sm-8\"><div class=\"vc_column-inner\"><div class=\"wpb_wrapper\">\n\t<div class=\"wpb_text_column wpb_content_element wpb_animate_when_almost_visible wpb_fadeInRight fadeInRight\" >\n\t\t<div class=\"wpb_wrapper\">\n\t\t\t<p class=\"translation-block\">Mi smo Rent a Car smje\u0161ten u srcu <strong>Sarajeva<\/strong>, na adresi Vrbanju\u0161a 9. <strong>DUO AA Rent<\/strong> je lokalna rent-a-car kompanija posve\u0107ena pru\u017eanju udobnih, sigurnih i pristupa\u010dnih vozila za svako putovanje.<br data-start=\"481\" data-end=\"484\">S flotom od oko 10 modernih vozila i planovima za dalju ekspanziju, na\u0161a misija je da mobilnost u\u010dinimo jednostavnom, fleksibilnom i dostupnom \u2014 bilo da ste ovdje zbog posla, putovanja ili svakodnevnih potreba.<\/p>\n\n\t\t<\/div>\n\t<\/div>\n<\/div><\/div><\/div><\/div><div class=\"vc_row-full-width vc_clearfix\"><\/div><div data-vc-full-width=\"true\" data-vc-full-width-init=\"false\" class=\"vc_row wpb_row vc_row-fluid vc_custom_1749665593022\"><div class=\"wpb_column vc_column_container vc_col-sm-12\"><div class=\"vc_column-inner\"><div class=\"wpb_wrapper\">\n\t<div class=\"wpb_text_column wpb_content_element wpb_animate_when_almost_visible wpb_appear appear\" >\n\t\t<div class=\"wpb_wrapper\">\n\t\t\t<p class=\"translation-block\">U <strong>DUO AA Rent<\/strong> vjerujemo da <strong>svako putovanje<\/strong> treba po\u010deti uz udobnost, povjerenje i vozilo na koje se mo\u017eete osloniti.<br data-start=\"287\" data-end=\"290\"><strong>Osnovani u Sarajevu<\/strong>, izgradili smo kompaniju na ideji da iznajmljivanje vozila treba biti jednostavno, transparentno i dostupno svima \u2014 od turista do poslovnih ljudi.<br data-start=\"452\" data-end=\"455\">S voznim parkom od 10 redovno odr\u017eavanih vozila i stalnim planovima za pro\u0161irenje, posve\u0107eni smo pru\u017eanju fleksibilnosti i kvaliteta u svakom putovanju.<br data-start=\"602\" data-end=\"605\">Na\u0161 tim je strastven u pru\u017eanju usluge i predan tome da va\u0161e putovanje u\u010dinimo \u0161to jednostavnijim, bilo da istra\u017eujete Bosnu ili ste tu poslovno.<br data-start=\"765\" data-end=\"768\">Ne nudimo samo najam vozila \u2014 nudimo slobodu, pouzdanost i vo\u017enju koju \u0107ete pamtiti.<\/p>\n\n\t\t<\/div>\n\t<\/div>\n<\/div><\/div><\/div><\/div><div class=\"vc_row-full-width vc_clearfix\"><\/div><div data-vc-full-width=\"true\" data-vc-full-width-init=\"false\" class=\"vc_row wpb_row vc_row-fluid vc_custom_1749479795572 vc_row-has-fill\"><div class=\"wpb_column vc_column_container vc_col-sm-3\"><div class=\"vc_column-inner\"><div class=\"wpb_wrapper\"><div class=\"stats-block statistics wow fadeIn\" style=\"border: 2px solid rgba(142,142,142,0.01)\"><div class=\"stats-head\"><p class=\"stat-number skill\" style=\"border-bottom: 2px solid rgba(142,142,142,0.01)\"><span class=\"skill-count\" style=\"color: #ffffff\">15+<\/span><\/p><\/div><div class=\"stats-content percentage\" data-perc=\"15+\"><p style=\"color: #ffffff\">Dostupnih vozila<\/p><\/div><\/div><\/div><\/div><\/div><div class=\"wpb_column vc_column_container vc_col-sm-3\"><div class=\"vc_column-inner\"><div class=\"wpb_wrapper\"><div class=\"stats-block statistics wow fadeIn\" style=\"border: 2px solid rgba(142,142,142,0.01)\"><div class=\"stats-head\"><p class=\"stat-number skill\" style=\"border-bottom: 2px solid rgba(142,142,142,0.01)\"><span class=\"skill-count\" style=\"color: #ffffff\">10+<\/span><\/p><\/div><div class=\"stats-content percentage\" data-perc=\"10+\"><p style=\"color: #ffffff\">Brendova automobila<\/p><\/div><\/div><\/div><\/div><\/div><div class=\"wpb_column vc_column_container vc_col-sm-3\"><div class=\"vc_column-inner\"><div class=\"wpb_wrapper\"><div class=\"stats-block statistics wow fadeIn\" style=\"border: 2px solid rgba(142,142,142,0.01)\"><div class=\"stats-head\"><p class=\"stat-number skill\" style=\"border-bottom: 2px solid rgba(142,142,142,0.01)\"><span class=\"skill-count\" style=\"color: #ffffff\">9.9<\/span><\/p><\/div><div class=\"stats-content percentage\" data-perc=\"9.9\"><p style=\"color: #ffffff\">Ocjena<\/p><\/div><\/div><\/div><\/div><\/div><div class=\"wpb_column vc_column_container vc_col-sm-3\"><div class=\"vc_column-inner\"><div class=\"wpb_wrapper\"><div class=\"stats-block statistics wow fadeIn\" style=\"border: 2px solid rgba(142,142,142,0.01)\"><div class=\"stats-head\"><p class=\"stat-number skill\" style=\"border-bottom: 2px solid rgba(142,142,142,0.01)\"><span class=\"skill-count\" style=\"color: #ffffff\">600+<\/span><\/p><\/div><div class=\"stats-content percentage\" data-perc=\"600+\"><p style=\"color: #ffffff\">Vo\u017enji<\/p><\/div><\/div><\/div><\/div><\/div><\/div><div class=\"vc_row-full-width vc_clearfix\"><\/div><div data-vc-full-width=\"true\" data-vc-full-width-init=\"false\" class=\"vc_row wpb_row vc_row-fluid vc_custom_1494252805521\"><div class=\"wpb_column vc_column_container vc_col-sm-12\"><div class=\"vc_column-inner\"><div class=\"wpb_wrapper\"><h1 style=\"font-size: 60px;color: #252525;line-height: 60px;text-align: center;font-family:Ubuntu;font-weight:700;font-style:normal\" class=\"vc_custom_heading vc_do_custom_heading vc_custom_1749127496862\" >Na\u0161a misija<\/h1><h5 style=\"font-size: 16px;color: #252525;line-height: 25px;text-align: center;font-family:Ubuntu;font-weight:300;font-style:normal\" class=\"vc_custom_heading vc_do_custom_heading translation-block\" >At DUO AA Rent, our mission is to redefine mobility by providing reliable, affordable, and stress-free car rental solutions for every type of traveler.<br>\r\nWe are committed to building long-term trust through transparent service, well-maintained vehicles, and personalized support \u2014 whether you're renting for a day, a week, or longer.<br>\r\nAs we continue to grow our fleet and expand our services, our focus remains clear: make every journey smoother, safer, and more enjoyable for our clients.<\/h5><\/div><\/div><\/div><\/div><div class=\"vc_row-full-width vc_clearfix\"><\/div><div data-vc-full-width=\"true\" data-vc-full-width-init=\"false\" class=\"vc_row wpb_row vc_row-fluid vc_custom_1494240201282 vc_row-has-fill\"><div class=\"wpb_column vc_column_container vc_col-sm-12\"><div class=\"vc_column-inner\"><div class=\"wpb_wrapper\"><h1 style=\"font-size: 36px;color: #252525;line-height: 40px;text-align: center;font-family:Ubuntu;font-weight:300;font-style:normal\" class=\"vc_custom_heading vc_do_custom_heading\" >Trebate pomo\u0107 za rentanje automobila? Pozovite nas <strong> +38762 000 464<\/strong><\/h1><\/div><\/div><\/div><\/div><div class=\"vc_row-full-width vc_clearfix\"><\/div>\n<\/div>","protected":false},"excerpt":{"rendered":"ABOUT USDuo AA We are Rent a Car Located in the heart of Sarajevo at Vrbanju\u0161a 9, DUO AA Rent is a locally-owned car rental company dedicated to providing comfortable, safe, and affordable vehicles for every journey.With a growing fleet of around 10 modern vehicles and plans for future expansion, our mission is to make [...]","protected":false},"author":2,"featured_media":8091,"parent":0,"menu_order":0,"comment_status":"closed","ping_status":"closed","template":"","meta":{"_acf_changed":false,"footnotes":""},"class_list":["post-2020","page","type-page","status-publish","has-post-thumbnail","hentry"],"acf":[],"yoast_head":"<!-- This site is optimized with the Yoast SEO plugin v27.4 - https:\/\/yoast.com\/product\/yoast-seo-wordpress\/ -->\n<title>About Us - Duo AA - Rent A Car Sarajevo Old Town<\/title>\n<meta name=\"description\" content=\"Learn more about our mission at Rent a Car Sarajevo Old Town Duo AA, to provide top-quality car rental services in Sarajevo. Trusted by locals and travelers.\" \/>\n<meta name=\"robots\" content=\"index, follow, max-snippet:-1, max-image-preview:large, max-video-preview:-1\" \/>\n<link rel=\"canonical\" href=\"https:\/\/duoaarent.com\/bs\/about-us\/\" \/>\n<meta property=\"og:locale\" content=\"bs_BA\" \/>\n<meta property=\"og:type\" content=\"article\" \/>\n<meta property=\"og:title\" content=\"About Us - Duo AA - Rent A Car Sarajevo Old Town\" \/>\n<meta property=\"og:description\" content=\"Learn more about our mission at Rent a Car Sarajevo Old Town Duo AA, to provide top-quality car rental services in Sarajevo. Trusted by locals and travelers.\" \/>\n<meta property=\"og:url\" content=\"https:\/\/duoaarent.com\/bs\/about-us\/\" \/>\n<meta property=\"og:site_name\" content=\"Duo AA - Rent A Car\" \/>\n<meta property=\"article:modified_time\" content=\"2025-06-12T03:44:55+00:00\" \/>\n<meta property=\"og:image\" content=\"https:\/\/duoaarent.com\/wp-content\/uploads\/2025\/06\/DuoAA-MercedesV200.png\" \/>\n\t<meta property=\"og:image:width\" content=\"600\" \/>\n\t<meta property=\"og:image:height\" content=\"400\" \/>\n\t<meta property=\"og:image:type\" content=\"image\/png\" \/>\n<meta name=\"twitter:card\" content=\"summary_large_image\" \/>\n<meta name=\"twitter:label1\" content=\"Est. reading time\" \/>\n\t<meta name=\"twitter:data1\" content=\"3 minute\" \/>\n<script type=\"application\/ld+json\" class=\"yoast-schema-graph\">{\"@context\":\"https:\\\/\\\/schema.org\",\"@graph\":[{\"@type\":\"WebPage\",\"@id\":\"https:\\\/\\\/duoaarent.com\\\/about-us\\\/\",\"url\":\"https:\\\/\\\/duoaarent.com\\\/about-us\\\/\",\"name\":\"About Us - Duo AA - Rent A Car Sarajevo Old Town\",\"isPartOf\":{\"@id\":\"https:\\\/\\\/duoaarent.com\\\/#website\"},\"primaryImageOfPage\":{\"@id\":\"https:\\\/\\\/duoaarent.com\\\/about-us\\\/#primaryimage\"},\"image\":{\"@id\":\"https:\\\/\\\/duoaarent.com\\\/about-us\\\/#primaryimage\"},\"thumbnailUrl\":\"https:\\\/\\\/duoaarent.com\\\/wp-content\\\/uploads\\\/2025\\\/06\\\/DuoAA-MercedesV200.png\",\"datePublished\":\"2016-03-21T07:11:16+00:00\",\"dateModified\":\"2025-06-12T03:44:55+00:00\",\"description\":\"Learn more about our mission at Rent a Car Sarajevo Old Town Duo AA, to provide top-quality car rental services in Sarajevo. Trusted by locals and travelers.\",\"breadcrumb\":{\"@id\":\"https:\\\/\\\/duoaarent.com\\\/about-us\\\/#breadcrumb\"},\"inLanguage\":\"bs-BA\",\"potentialAction\":[{\"@type\":\"ReadAction\",\"target\":[\"https:\\\/\\\/duoaarent.com\\\/about-us\\\/\"]}]},{\"@type\":\"ImageObject\",\"inLanguage\":\"bs-BA\",\"@id\":\"https:\\\/\\\/duoaarent.com\\\/about-us\\\/#primaryimage\",\"url\":\"https:\\\/\\\/duoaarent.com\\\/wp-content\\\/uploads\\\/2025\\\/06\\\/DuoAA-MercedesV200.png\",\"contentUrl\":\"https:\\\/\\\/duoaarent.com\\\/wp-content\\\/uploads\\\/2025\\\/06\\\/DuoAA-MercedesV200.png\",\"width\":600,\"height\":400,\"caption\":\"Rent A Car Sarajevo Old Town - Mercedes Van\"},{\"@type\":\"BreadcrumbList\",\"@id\":\"https:\\\/\\\/duoaarent.com\\\/about-us\\\/#breadcrumb\",\"itemListElement\":[{\"@type\":\"ListItem\",\"position\":1,\"name\":\"Home\",\"item\":\"https:\\\/\\\/duoaarent.com\\\/\"},{\"@type\":\"ListItem\",\"position\":2,\"name\":\"About Us\"}]},{\"@type\":\"WebSite\",\"@id\":\"https:\\\/\\\/duoaarent.com\\\/#website\",\"url\":\"https:\\\/\\\/duoaarent.com\\\/\",\"name\":\"Duo AA - Rent A Car\",\"description\":\"Rent a Car Sarajevo - Old Town\",\"publisher\":{\"@id\":\"https:\\\/\\\/duoaarent.com\\\/#organization\"},\"potentialAction\":[{\"@type\":\"SearchAction\",\"target\":{\"@type\":\"EntryPoint\",\"urlTemplate\":\"https:\\\/\\\/duoaarent.com\\\/?s={search_term_string}\"},\"query-input\":{\"@type\":\"PropertyValueSpecification\",\"valueRequired\":true,\"valueName\":\"search_term_string\"}}],\"inLanguage\":\"bs-BA\"},{\"@type\":\"Organization\",\"@id\":\"https:\\\/\\\/duoaarent.com\\\/#organization\",\"name\":\"Duo AA - Rent A Car in Sarajevo, OLD TOWN, Bosnia\",\"url\":\"https:\\\/\\\/duoaarent.com\\\/\",\"logo\":{\"@type\":\"ImageObject\",\"inLanguage\":\"bs-BA\",\"@id\":\"https:\\\/\\\/duoaarent.com\\\/#\\\/schema\\\/logo\\\/image\\\/\",\"url\":\"https:\\\/\\\/duoaarent.com\\\/wp-content\\\/uploads\\\/2025\\\/05\\\/NoBcG-DuoAA.png\",\"contentUrl\":\"https:\\\/\\\/duoaarent.com\\\/wp-content\\\/uploads\\\/2025\\\/05\\\/NoBcG-DuoAA.png\",\"width\":500,\"height\":500,\"caption\":\"Duo AA - Rent A Car in Sarajevo, OLD TOWN, Bosnia\"},\"image\":{\"@id\":\"https:\\\/\\\/duoaarent.com\\\/#\\\/schema\\\/logo\\\/image\\\/\"}}]}<\/script>\n<!-- \/ Yoast SEO plugin. -->","yoast_head_json":{"title":"About Us - Duo AA - Rent A Car Sarajevo Old Town","description":"Learn more about our mission at Rent a Car Sarajevo Old Town Duo AA, to provide top-quality car rental services in Sarajevo. Trusted by locals and travelers.","robots":{"index":"index","follow":"follow","max-snippet":"max-snippet:-1","max-image-preview":"max-image-preview:large","max-video-preview":"max-video-preview:-1"},"canonical":"https:\/\/duoaarent.com\/bs\/about-us\/","og_locale":"bs_BA","og_type":"article","og_title":"About Us - Duo AA - Rent A Car Sarajevo Old Town","og_description":"Learn more about our mission at Rent a Car Sarajevo Old Town Duo AA, to provide top-quality car rental services in Sarajevo. Trusted by locals and travelers.","og_url":"https:\/\/duoaarent.com\/bs\/about-us\/","og_site_name":"Duo AA - Rent A Car","article_modified_time":"2025-06-12T03:44:55+00:00","og_image":[{"width":600,"height":400,"url":"https:\/\/duoaarent.com\/wp-content\/uploads\/2025\/06\/DuoAA-MercedesV200.png","type":"image\/png"}],"twitter_card":"summary_large_image","twitter_misc":{"Est. reading time":"3 minute"},"schema":{"@context":"https:\/\/schema.org","@graph":[{"@type":"WebPage","@id":"https:\/\/duoaarent.com\/about-us\/","url":"https:\/\/duoaarent.com\/about-us\/","name":"About Us - Duo AA - Rent A Car Sarajevo Old Town","isPartOf":{"@id":"https:\/\/duoaarent.com\/#website"},"primaryImageOfPage":{"@id":"https:\/\/duoaarent.com\/about-us\/#primaryimage"},"image":{"@id":"https:\/\/duoaarent.com\/about-us\/#primaryimage"},"thumbnailUrl":"https:\/\/duoaarent.com\/wp-content\/uploads\/2025\/06\/DuoAA-MercedesV200.png","datePublished":"2016-03-21T07:11:16+00:00","dateModified":"2025-06-12T03:44:55+00:00","description":"Learn more about our mission at Rent a Car Sarajevo Old Town Duo AA, to provide top-quality car rental services in Sarajevo. Trusted by locals and travelers.","breadcrumb":{"@id":"https:\/\/duoaarent.com\/about-us\/#breadcrumb"},"inLanguage":"bs-BA","potentialAction":[{"@type":"ReadAction","target":["https:\/\/duoaarent.com\/about-us\/"]}]},{"@type":"ImageObject","inLanguage":"bs-BA","@id":"https:\/\/duoaarent.com\/about-us\/#primaryimage","url":"https:\/\/duoaarent.com\/wp-content\/uploads\/2025\/06\/DuoAA-MercedesV200.png","contentUrl":"https:\/\/duoaarent.com\/wp-content\/uploads\/2025\/06\/DuoAA-MercedesV200.png","width":600,"height":400,"caption":"Rent A Car Sarajevo Old Town - Mercedes Van"},{"@type":"BreadcrumbList","@id":"https:\/\/duoaarent.com\/about-us\/#breadcrumb","itemListElement":[{"@type":"ListItem","position":1,"name":"Home","item":"https:\/\/duoaarent.com\/"},{"@type":"ListItem","position":2,"name":"About Us"}]},{"@type":"WebSite","@id":"https:\/\/duoaarent.com\/#website","url":"https:\/\/duoaarent.com\/","name":"Duo AA - Rent A Car","description":"Rent a Car Sarajevo - Old Town","publisher":{"@id":"https:\/\/duoaarent.com\/#organization"},"potentialAction":[{"@type":"SearchAction","target":{"@type":"EntryPoint","urlTemplate":"https:\/\/duoaarent.com\/?s={search_term_string}"},"query-input":{"@type":"PropertyValueSpecification","valueRequired":true,"valueName":"search_term_string"}}],"inLanguage":"bs-BA"},{"@type":"Organization","@id":"https:\/\/duoaarent.com\/#organization","name":"Duo AA - Rent A Car in Sarajevo, OLD TOWN, Bosnia","url":"https:\/\/duoaarent.com\/","logo":{"@type":"ImageObject","inLanguage":"bs-BA","@id":"https:\/\/duoaarent.com\/#\/schema\/logo\/image\/","url":"https:\/\/duoaarent.com\/wp-content\/uploads\/2025\/05\/NoBcG-DuoAA.png","contentUrl":"https:\/\/duoaarent.com\/wp-content\/uploads\/2025\/05\/NoBcG-DuoAA.png","width":500,"height":500,"caption":"Duo AA - Rent A Car in Sarajevo, OLD TOWN, Bosnia"},"image":{"@id":"https:\/\/duoaarent.com\/#\/schema\/logo\/image\/"}}]}},"_links":{"self":[{"href":"https:\/\/duoaarent.com\/bs\/wp-json\/wp\/v2\/pages\/2020","targetHints":{"allow":["GET"]}}],"collection":[{"href":"https:\/\/duoaarent.com\/bs\/wp-json\/wp\/v2\/pages"}],"about":[{"href":"https:\/\/duoaarent.com\/bs\/wp-json\/wp\/v2\/types\/page"}],"author":[{"embeddable":true,"href":"https:\/\/duoaarent.com\/bs\/wp-json\/wp\/v2\/users\/2"}],"replies":[{"embeddable":true,"href":"https:\/\/duoaarent.com\/bs\/wp-json\/wp\/v2\/comments?post=2020"}],"version-history":[{"count":7,"href":"https:\/\/duoaarent.com\/bs\/wp-json\/wp\/v2\/pages\/2020\/revisions"}],"predecessor-version":[{"id":8121,"href":"https:\/\/duoaarent.com\/bs\/wp-json\/wp\/v2\/pages\/2020\/revisions\/8121"}],"wp:featuredmedia":[{"embeddable":true,"href":"https:\/\/duoaarent.com\/bs\/wp-json\/wp\/v2\/media\/8091"}],"wp:attachment":[{"href":"https:\/\/duoaarent.com\/bs\/wp-json\/wp\/v2\/media?parent=2020"}],"curies":[{"name":"wp","href":"https:\/\/api.w.org\/{rel}","templated":true}]}}